{"id":5805,"date":"2024-09-04T18:32:49","date_gmt":"2024-09-04T21:32:49","guid":{"rendered":"https:\/\/nykids.com.br\/?post_type=product&#038;p=5805"},"modified":"2024-09-04T18:36:21","modified_gmt":"2024-09-04T21:36:21","slug":"chinelo-de-bebe-estrelinha-marrom-ref-9051","status":"publish","type":"product","link":"https:\/\/nykids.com.br\/index.php\/produto\/chinelo-de-bebe-estrelinha-marrom-ref-9051\/","title":{"rendered":"Chinelo de beb\u00ea Estrelinha (Marrom)  Ref.9051"},"content":{"rendered":"<div id=\"product-wrapper\" class=\"product-wrapper\">\n<div class=\"product-tabs\">\n<div class=\"tabs-content\">\n<div id=\"descricao\" class=\"tab rte description-ab active\">Chinela de beb\u00ea encantadoras, confeccionadas com carinho em tecido macio e confort\u00e1vel. Apresentam uma estampa delicada, fechamento em velcro para facilidade no calce, e solado flex\u00edvel, ideal para os primeiros passos. Al\u00e9m de proporcionarem conforto, adicionam charme ao visual dos pequeninos, combinando praticidade e estilo.<br \/>\nCont\u00e9m:<br \/>\n1 (um) par de chinelinha na cor da foto.<br \/>\n1 (uma) caixa para embalar o mesmo.Tabela de medidas da bebezinho da mam\u00e3e!<\/p>\n<p>Tabela de medidas tirada da palmilha, s\u00e3o tamanhos reais do cal\u00e7ado.<br \/>\n13 &#8211; (0-1 m\u00eas) &#8211; 9 cm<br \/>\n14 &#8211; (0 a 3 meses) ? 9,5 cm<br \/>\n15 &#8211; (3 a 5 meses) &#8211; 10 cm<br \/>\n16 &#8211; (5 a 7 meses) &#8211; 10,5 cm<br \/>\n17 &#8211; (7 a 9 meses) &#8211; 11 cm<br \/>\n18 &#8211; (9 a 11 meses) &#8211; 12 cm<\/p>\n<p>14 Motivos para adquirir este produto;<\/p>\n<p>\u2022 Imagem real do nosso produto.<br \/>\n\u2022 Acabamento impec\u00e1vel com toque de delicadeza em cada costura.<br \/>\n\u2022 Voc\u00ea escolhe cor e tamanho.<br \/>\n\u2022 Vai na caixa individual cada par.<br \/>\n\u2022 Revisamos com todo cuidado e carinho, par por par antes do envio.<br \/>\n\u2022 Produto de Alt\u00edssima Qualidade.<br \/>\n\u2022 Produto da pr\u00f3pria bebezinho da mam\u00e3e.<br \/>\n\u2022 Confeccionado com muita aten\u00e7\u00e3o e cuidado.<br \/>\n\u2022 Forro macio em alta qualidade.<br \/>\n\u2022 Calcado flex\u00edvel ideal para beb\u00eas.<br \/>\n\u2022 Costuras refor\u00e7adas.<br \/>\n\u2022 Cadar\u00e7o macio e f\u00e1cil de amarrar para n\u00e3o machucar o pezinho do seu beb\u00ea.<br \/>\n\u2022 Chega na caixinha na cor palha, Perfeita para Presentear.<br \/>\n\u2022 As palmilhas da bebezinho da mam\u00e3e s\u00e3o bem confort\u00e1veis e encaixa perfeitamente no pezinho do beb\u00ea!<\/p>\n<p>Perguntas sobre a bebezinho da mam\u00e3e!<\/p>\n<p>1\u00b0 Os produtos s\u00e3o novos?<br \/>\n-Todos os nossos produtos s\u00e3o novos e com qualidade para seu beb\u00ea ficar confort\u00e1vel e perfeito.<\/p>\n<p>2\u00b0 Irei receber o mesmo produto da foto?<br \/>\n-Sim. As fotos s\u00e3o originais do produto.<\/p>\n<p>3\u00b0 Qual prazo para encomenda ser enviada?<br \/>\nEnviamos seu pedido em at\u00e9 24 horas ap\u00f3s a confirma\u00e7\u00e3o do pagamento!<\/p>\n<p>Ainda com d\u00favidas? Entre em contato conosco teremos o maior prazer em reponde-lo..<\/p>\n<p>Chinela<br \/>\n\u2022 Cabedal sint\u00e9tico ou verniz<br \/>\n\u2022 Palmilha dublada no EVA com caixa rel branco com espuma por cima do<br \/>\n\u2022 Caixa rel com acabamento sint\u00e9tico por baixo do cal\u00e7ado.<\/p>\n<\/div>\n<\/div>\n<\/div>\n<\/div>\n<div class=\"section-product-related\">\n<div class=\"container\">\n<div class=\"section-header\"><\/div>\n<\/div>\n<\/div>\n","protected":false},"excerpt":{"rendered":"<p>Chinela de beb\u00ea encantadoras, confeccionadas com carinho em tecido macio e confort\u00e1vel. Apresentam uma estampa delicada, fechamento em velcro para facilidade no calce, e solado flex\u00edvel, ideal para os primeiros passos. Al\u00e9m de proporcionarem conforto,&hellip;<\/p>\n","protected":false},"featured_media":5807,"comment_status":"open","ping_status":"closed","template":"","meta":{"_monsterinsights_skip_tracking":false,"_monsterinsights_sitenote_active":false,"_monsterinsights_sitenote_note":"","_monsterinsights_sitenote_category":0},"product_brand":[],"product_cat":[281,15],"product_tag":[],"class_list":{"0":"post-5805","1":"product","2":"type-product","3":"status-publish","4":"has-post-thumbnail","6":"product_cat-sandalia","7":"product_cat-ny-kids","8":"pa_tamanhonumero-265","10":"first","11":"instock","12":"sale","13":"shipping-taxable","14":"purchasable","15":"product-type-variable"},"aioseo_notices":[],"_links":{"self":[{"href":"https:\/\/nykids.com.br\/index.php\/wp-json\/wp\/v2\/product\/5805","targetHints":{"allow":["GET"]}}],"collection":[{"href":"https:\/\/nykids.com.br\/index.php\/wp-json\/wp\/v2\/product"}],"about":[{"href":"https:\/\/nykids.com.br\/index.php\/wp-json\/wp\/v2\/types\/product"}],"replies":[{"embeddable":true,"href":"https:\/\/nykids.com.br\/index.php\/wp-json\/wp\/v2\/comments?post=5805"}],"wp:featuredmedia":[{"embeddable":true,"href":"https:\/\/nykids.com.br\/index.php\/wp-json\/wp\/v2\/media\/5807"}],"wp:attachment":[{"href":"https:\/\/nykids.com.br\/index.php\/wp-json\/wp\/v2\/media?parent=5805"}],"wp:term":[{"taxonomy":"product_brand","embeddable":true,"href":"https:\/\/nykids.com.br\/index.php\/wp-json\/wp\/v2\/product_brand?post=5805"},{"taxonomy":"product_cat","embeddable":true,"href":"https:\/\/nykids.com.br\/index.php\/wp-json\/wp\/v2\/product_cat?post=5805"},{"taxonomy":"product_tag","embeddable":true,"href":"https:\/\/nykids.com.br\/index.php\/wp-json\/wp\/v2\/product_tag?post=5805"}],"curies":[{"name":"wp","href":"https:\/\/api.w.org\/{rel}","templated":true}]}}