{"id":5788,"date":"2024-09-04T16:55:05","date_gmt":"2024-09-04T19:55:05","guid":{"rendered":"https:\/\/nykids.com.br\/?post_type=product&#038;p=5788"},"modified":"2024-09-04T16:55:05","modified_gmt":"2024-09-04T19:55:05","slug":"tenis-starzinho-de-bebe-urso-rosa-ref-8645","status":"publish","type":"product","link":"https:\/\/nykids.com.br\/index.php\/produto\/tenis-starzinho-de-bebe-urso-rosa-ref-8645\/","title":{"rendered":"T\u00eanis Starzinho de beb\u00ea Urso (Rosa) Ref. 8645"},"content":{"rendered":"<p style=\"font-weight: 300;\">Os t\u00eanizinho Starzinho de beb\u00ea s\u00e3o uma op\u00e7\u00e3o ador\u00e1vel e confort\u00e1vel. Confeccionados com materiais macios e leves, esse t\u00eanis apresentam um design charmoso com detalhes perfeitos para combinar com o beb\u00ea. As cores protegem um toque de charme e estilo ao pequeno, os t\u00eanizinho vem Com sola confort\u00e1vel e f\u00e1cil de cal\u00e7a-lo, e esse t\u00eanis garantem seguran\u00e7a para os primeiros passos do beb\u00ea.<\/p>\n<p style=\"font-weight: 300;\">Os modelos da bebezinho da mam\u00e3e Cont\u00e9m:<\/p>\n<p style=\"font-weight: 300;\">1 (um) par de T\u00eanizinho starzinho<\/p>\n<p style=\"font-weight: 300;\">1 (um) par cadar\u00e7o.<\/p>\n<p style=\"font-weight: 300;\">1 (um) par de palmilhas macias.<\/p>\n<p style=\"font-weight: 300;\">1 (uma) caixa para embalar o sapatinho.<\/p>\n<p style=\"font-weight: 300;\">\n<p style=\"font-weight: 300;\">Tabela de medidas da bebezinho da mam\u00e3e!<\/p>\n<p style=\"font-weight: 300;\">\n<p style=\"font-weight: 300;\">Tabela de medidas tirada da palmilha, s\u00e3o tamanhos reais do cal\u00e7ado.<\/p>\n<p style=\"font-weight: 300;\">13 &#8211; (0-1 m\u00eas) &#8211; 9 cm<\/p>\n<p style=\"font-weight: 300;\">14 &#8211; (0 a 3 meses) ? 9,5 cm<\/p>\n<p style=\"font-weight: 300;\">15 &#8211; (3 a 5 meses) &#8211; 10 cm<\/p>\n<p style=\"font-weight: 300;\">16 &#8211; (5 a 7 meses) &#8211; 10,5 cm<\/p>\n<p style=\"font-weight: 300;\">17 &#8211; (7 a 9 meses) &#8211; 11 cm<\/p>\n<p style=\"font-weight: 300;\">18 &#8211; (9 a 11 meses) &#8211; 12 cm<\/p>\n<p style=\"font-weight: 300;\">\n14 Motivos para adquirir este produto;<\/p>\n<p style=\"font-weight: 300;\">\n<ul>\n<li style=\"font-weight: 300;\">Imagem real do nosso produto.<\/li>\n<li style=\"font-weight: 300;\">Acabamento impec\u00e1vel com toque de delicadeza em cada costura.<\/li>\n<li style=\"font-weight: 300;\">Voc\u00ea escolhe cor e tamanho.<\/li>\n<li style=\"font-weight: 300;\">Vai na caixa individual cada par.<\/li>\n<li style=\"font-weight: 300;\">Revisamos com todo cuidado e carinho, par por par antes do envio.<\/li>\n<li style=\"font-weight: 300;\">Produto de Alt\u00edssima Qualidade.<\/li>\n<li style=\"font-weight: 300;\">Produto da pr\u00f3pria bebezinho da mam\u00e3e.<\/li>\n<li style=\"font-weight: 300;\">Confeccionado com muita aten\u00e7\u00e3o e cuidado.<\/li>\n<li style=\"font-weight: 300;\">Forro macio em alta qualidade.<\/li>\n<li style=\"font-weight: 300;\">Calcado flex\u00edvel ideal para beb\u00eas.<\/li>\n<li style=\"font-weight: 300;\">Costuras refor\u00e7adas.<\/li>\n<li style=\"font-weight: 300;\">Cadar\u00e7o macio e f\u00e1cil de amarrar para n\u00e3o machucar o pezinho do seu beb\u00ea.<\/li>\n<li style=\"font-weight: 300;\">Chega na caixinha na cor palha, Perfeita para Presentear.<\/li>\n<li style=\"font-weight: 300;\">As palmilhas da bebezinho da mam\u00e3e s\u00e3o bem confort\u00e1veis e encaixa perfeitamente no pezinho do beb\u00ea!<\/li>\n<\/ul>\n<p style=\"font-weight: 300;\">\n<p style=\"font-weight: 300;\">Material do cal\u00e7ado!<\/p>\n<p style=\"font-weight: 300;\">T\u00eanizinho starzinho de beb\u00ea<\/p>\n<ul>\n<li style=\"font-weight: 300;\">Material lona dublado no eva mais caixa rel na cor bege.<br \/>\n\u2022 Reviron e biqueira tecido sint\u00e9tico na cor branca.<br \/>\n\u2022 Palmilha dublada no EVA com caixa rel branco.<\/li>\n<\/ul>\n<p style=\"font-weight: 300;\">\n<p style=\"font-weight: 300;\">Perguntas sobre a bebezinho da mam\u00e3e!<\/p>\n<p>1\u00b0 Os produtos s\u00e3o novos?<\/p>\n<p style=\"font-weight: 300;\">-Todos os nossos produtos s\u00e3o novos e com qualidade para seu beb\u00ea ficar confort\u00e1vel e perfeito.<\/p>\n<p>2\u00b0\u00a0Irei receber o mesmo produto da foto?<\/p>\n<p style=\"font-weight: 300;\">-Sim. As fotos s\u00e3o originais do produto.<\/p>\n<p style=\"font-weight: 300;\">\n<p style=\"font-weight: 300;\">3\u00b0 Qual prazo para encomenda ser enviada?<\/p>\n<p style=\"font-weight: 300;\">Enviamos seu pedido em at\u00e9 24 horas ap\u00f3s a confirma\u00e7\u00e3o do pagamento!<\/p>\n<p style=\"font-weight: 300;\">\n<p style=\"font-weight: 300;\">Ainda com d\u00favidas? Entre em contato conosco teremos o maior prazer em reponde-lo..<\/p>\n","protected":false},"excerpt":{"rendered":"<p>Os t\u00eanizinho Starzinho de beb\u00ea s\u00e3o uma op\u00e7\u00e3o ador\u00e1vel e confort\u00e1vel. Confeccionados com materiais macios e leves, esse t\u00eanis apresentam um design charmoso com detalhes perfeitos para combinar com o beb\u00ea. As cores protegem um&hellip;<\/p>\n","protected":false},"featured_media":5790,"comment_status":"open","ping_status":"closed","template":"","meta":{"_monsterinsights_skip_tracking":false,"_monsterinsights_sitenote_active":false,"_monsterinsights_sitenote_note":"","_monsterinsights_sitenote_category":0},"product_brand":[],"product_cat":[279,15],"product_tag":[],"class_list":{"0":"post-5788","1":"product","2":"type-product","3":"status-publish","4":"has-post-thumbnail","6":"product_cat-tenis","7":"product_cat-ny-kids","8":"pa_tamanhonumero-264","10":"first","11":"instock","12":"sale","13":"shipping-taxable","14":"purchasable","15":"product-type-variable"},"aioseo_notices":[],"_links":{"self":[{"href":"https:\/\/nykids.com.br\/index.php\/wp-json\/wp\/v2\/product\/5788","targetHints":{"allow":["GET"]}}],"collection":[{"href":"https:\/\/nykids.com.br\/index.php\/wp-json\/wp\/v2\/product"}],"about":[{"href":"https:\/\/nykids.com.br\/index.php\/wp-json\/wp\/v2\/types\/product"}],"replies":[{"embeddable":true,"href":"https:\/\/nykids.com.br\/index.php\/wp-json\/wp\/v2\/comments?post=5788"}],"wp:featuredmedia":[{"embeddable":true,"href":"https:\/\/nykids.com.br\/index.php\/wp-json\/wp\/v2\/media\/5790"}],"wp:attachment":[{"href":"https:\/\/nykids.com.br\/index.php\/wp-json\/wp\/v2\/media?parent=5788"}],"wp:term":[{"taxonomy":"product_brand","embeddable":true,"href":"https:\/\/nykids.com.br\/index.php\/wp-json\/wp\/v2\/product_brand?post=5788"},{"taxonomy":"product_cat","embeddable":true,"href":"https:\/\/nykids.com.br\/index.php\/wp-json\/wp\/v2\/product_cat?post=5788"},{"taxonomy":"product_tag","embeddable":true,"href":"https:\/\/nykids.com.br\/index.php\/wp-json\/wp\/v2\/product_tag?post=5788"}],"curies":[{"name":"wp","href":"https:\/\/api.w.org\/{rel}","templated":true}]}}