{"id":5783,"date":"2024-09-04T14:54:45","date_gmt":"2024-09-04T17:54:45","guid":{"rendered":"https:\/\/nykids.com.br\/?post_type=product&#038;p=5783"},"modified":"2024-09-04T15:42:36","modified_gmt":"2024-09-04T18:42:36","slug":"tenis-starzinho-de-bebe-estrelinha-vermelho-ref-4384","status":"publish","type":"product","link":"https:\/\/nykids.com.br\/index.php\/produto\/tenis-starzinho-de-bebe-estrelinha-vermelho-ref-4384\/","title":{"rendered":"T\u00eanis Starzinho de beb\u00ea Estrelinha (Vermelho) Ref. 4384"},"content":{"rendered":"<div id=\"product-wrapper\" class=\"product-wrapper\">\n<div class=\"product-tabs\">\n<div class=\"tabs-content\">\n<div id=\"descricao\" class=\"tab rte description-ab active\">\n<p>O primeiro sapatinho do beb\u00ea a gente nunca esquece! Nossos modelos super confort, \u00e9 um produto exclusivo da marca bebezinho da mam\u00e3e, que d\u00e1 um show de estilo e completa o look do seu amor com muito conforto! Perfeito para usar em festas e passeios, esse sapatinho \u00e9 confeccionado com materiais de qualidade, forro macio e solado flex\u00edvel para acompanhar os primeiros passos dos pequenos!<\/p>\n<p>Cont\u00e9m:<br \/>\n1 (um) par de t\u00eanizinho starzinho na cor da foto.<br \/>\n1 (um) par cadar\u00e7o.<br \/>\n1 (um) par de palmilhas macias.<br \/>\n1 (uma) caixa para embalar o mesmo.<\/p>\n<p>Tabela de medidas<\/p>\n<p>Tabela de medidas tirada da palmilha, s\u00e3o tamanhos reais do cal\u00e7ado.<br \/>\n13 &#8211; (0-1 m\u00eas) &#8211; 9 cm<br \/>\n14 &#8211; (0 a 3 meses) ? 9,5 cm<br \/>\n15 &#8211; (3 a 5 meses) &#8211; 10 cm<br \/>\n16 &#8211; (5 a 7 meses) &#8211; 10,5 cm<br \/>\n17 &#8211; (7 a 9 meses) &#8211; 11 cm<br \/>\n18 &#8211; (9 a 11 meses) &#8211; 12 cm<\/p>\n<p>DETALHES QUE IMPORTAM<\/p>\n<p>\u2022 Imagem Real do nosso produto<br \/>\n\u2022 Acabamento impec\u00e1vel com toque de delicadeza em cada costura.<br \/>\n\u2022 Voc\u00ea escolhe cor e tamanho<br \/>\n\u2022 Vai na caixa individual cada par<br \/>\n\u2022 Revisamos com todo cuidado e carinho, par por par antes do envio.<br \/>\n\u2022 Produto de Altissima Qualidade<br \/>\n\u2022 Voc\u00ea vai amar<br \/>\n\u2022 Confeccionado com muito amor<br \/>\n\u2022 Forro macio em alta qualidade<br \/>\n\u2022 Calcado flex\u00edvel ideal para beb\u00eas<br \/>\n\u2022 Costuras refor\u00e7adas<br \/>\n\u2022 Chega na caixinha na cor palha, exclusiva da baby confort, Perfeita para Presentear!<\/p>\n<p>Com um acabamento incr\u00edvel com toque de delicadeza em cada costura.<br \/>\nIMPORTANTE!!!<\/p>\n<p>Material<br \/>\nT\u00eanizinho starzinho<br \/>\n\u2022 Material lona dublado no eva mais caixa rel na cor bege.<br \/>\n\u2022 Reviron e biqueira tecido sint\u00e9tico na cor branca.<br \/>\n\u2022 Palmilha dublada no EVA com caixa rel branco.<\/p>\n<\/div>\n<\/div>\n<\/div>\n<\/div>\n<div class=\"section-product-related\">\n<div class=\"container\">\n<div class=\"section-header\"><\/div>\n<\/div>\n<\/div>\n","protected":false},"excerpt":{"rendered":"<p>O primeiro sapatinho do beb\u00ea a gente nunca esquece! Nossos modelos super confort, \u00e9 um produto exclusivo da marca bebezinho da mam\u00e3e, que d\u00e1 um show de estilo e completa o look do seu amor&hellip;<\/p>\n","protected":false},"featured_media":5784,"comment_status":"open","ping_status":"closed","template":"","meta":{"_monsterinsights_skip_tracking":false,"_monsterinsights_sitenote_active":false,"_monsterinsights_sitenote_note":"","_monsterinsights_sitenote_category":0},"product_brand":[],"product_cat":[279,15],"product_tag":[],"class_list":{"0":"post-5783","1":"product","2":"type-product","3":"status-publish","4":"has-post-thumbnail","6":"product_cat-tenis","7":"product_cat-ny-kids","8":"pa_tamanhonumero-268","9":"pa_tamanhonumero-269","11":"first","12":"instock","13":"sale","14":"shipping-taxable","15":"purchasable","16":"product-type-variable"},"aioseo_notices":[],"_links":{"self":[{"href":"https:\/\/nykids.com.br\/index.php\/wp-json\/wp\/v2\/product\/5783","targetHints":{"allow":["GET"]}}],"collection":[{"href":"https:\/\/nykids.com.br\/index.php\/wp-json\/wp\/v2\/product"}],"about":[{"href":"https:\/\/nykids.com.br\/index.php\/wp-json\/wp\/v2\/types\/product"}],"replies":[{"embeddable":true,"href":"https:\/\/nykids.com.br\/index.php\/wp-json\/wp\/v2\/comments?post=5783"}],"wp:featuredmedia":[{"embeddable":true,"href":"https:\/\/nykids.com.br\/index.php\/wp-json\/wp\/v2\/media\/5784"}],"wp:attachment":[{"href":"https:\/\/nykids.com.br\/index.php\/wp-json\/wp\/v2\/media?parent=5783"}],"wp:term":[{"taxonomy":"product_brand","embeddable":true,"href":"https:\/\/nykids.com.br\/index.php\/wp-json\/wp\/v2\/product_brand?post=5783"},{"taxonomy":"product_cat","embeddable":true,"href":"https:\/\/nykids.com.br\/index.php\/wp-json\/wp\/v2\/product_cat?post=5783"},{"taxonomy":"product_tag","embeddable":true,"href":"https:\/\/nykids.com.br\/index.php\/wp-json\/wp\/v2\/product_tag?post=5783"}],"curies":[{"name":"wp","href":"https:\/\/api.w.org\/{rel}","templated":true}]}}