{"id":5596,"date":"2024-07-10T17:12:17","date_gmt":"2024-07-10T20:12:17","guid":{"rendered":"https:\/\/nykids.com.br\/?post_type=product&#038;p=5596"},"modified":"2024-07-10T17:17:06","modified_gmt":"2024-07-10T20:17:06","slug":"body-cinza-com-frase","status":"publish","type":"product","link":"https:\/\/nykids.com.br\/index.php\/produto\/body-cinza-com-frase\/","title":{"rendered":"Body Cinza Com Frase"},"content":{"rendered":"<ul>\n<li>O body suedine cinza com frase golinha americana com um corte especial na altura dos ombros, feita para melhor vestir na hora de passar na cabe\u00e7a do beb\u00ea. Bot\u00f5es de press\u00e3o dentro das perninhas, facilitando na hora de trocar.<\/li>\n<\/ul>\n","protected":false},"excerpt":{"rendered":"<p>O body suedine cinza com frase golinha americana com um corte especial na altura dos ombros, feita para melhor vestir na hora de passar na cabe\u00e7a do beb\u00ea. Bot\u00f5es de press\u00e3o dentro das perninhas, facilitando&hellip;<\/p>\n","protected":false},"featured_media":5598,"comment_status":"open","ping_status":"closed","template":"","meta":{"_monsterinsights_skip_tracking":false,"_monsterinsights_sitenote_active":false,"_monsterinsights_sitenote_note":"","_monsterinsights_sitenote_category":0},"product_brand":[],"product_cat":[271,15],"product_tag":[],"class_list":{"0":"post-5596","1":"product","2":"type-product","3":"status-publish","4":"has-post-thumbnail","6":"product_cat-bodyeconjbody","7":"product_cat-ny-kids","8":"pa_tamanho-g","9":"pa_tamanho-m","10":"pa_tamanho-p","12":"first","13":"instock","14":"sale","15":"shipping-taxable","16":"purchasable","17":"product-type-variable"},"aioseo_notices":[],"_links":{"self":[{"href":"https:\/\/nykids.com.br\/index.php\/wp-json\/wp\/v2\/product\/5596","targetHints":{"allow":["GET"]}}],"collection":[{"href":"https:\/\/nykids.com.br\/index.php\/wp-json\/wp\/v2\/product"}],"about":[{"href":"https:\/\/nykids.com.br\/index.php\/wp-json\/wp\/v2\/types\/product"}],"replies":[{"embeddable":true,"href":"https:\/\/nykids.com.br\/index.php\/wp-json\/wp\/v2\/comments?post=5596"}],"wp:featuredmedia":[{"embeddable":true,"href":"https:\/\/nykids.com.br\/index.php\/wp-json\/wp\/v2\/media\/5598"}],"wp:attachment":[{"href":"https:\/\/nykids.com.br\/index.php\/wp-json\/wp\/v2\/media?parent=5596"}],"wp:term":[{"taxonomy":"product_brand","embeddable":true,"href":"https:\/\/nykids.com.br\/index.php\/wp-json\/wp\/v2\/product_brand?post=5596"},{"taxonomy":"product_cat","embeddable":true,"href":"https:\/\/nykids.com.br\/index.php\/wp-json\/wp\/v2\/product_cat?post=5596"},{"taxonomy":"product_tag","embeddable":true,"href":"https:\/\/nykids.com.br\/index.php\/wp-json\/wp\/v2\/product_tag?post=5596"}],"curies":[{"name":"wp","href":"https:\/\/api.w.org\/{rel}","templated":true}]}}